{"id":79,"date":"2020-02-10T15:16:16","date_gmt":"2020-02-10T14:16:16","guid":{"rendered":"http:\/\/www.schillerschule-bittenfeld.de\/wordpress\/?page_id=79"},"modified":"2025-07-30T13:50:19","modified_gmt":"2025-07-30T11:50:19","slug":"bildungshaus","status":"publish","type":"page","link":"https:\/\/schillerschule-bittenfeld.de\/wordpress\/bildungshaus\/","title":{"rendered":"Bildungshaus"},"content":{"rendered":"<p>Die Zusammenarbeit zwischen der Schillerschule und den drei Kindertageseinrichtungen in Bittenfeld lebt vom engen Kontakt der ErzieherInnen und LehrerInnen. Zus\u00e4tzlich zu den Kooperationsbesuchen soll der \u00dcbergang vom Kindergarten in die Schule f\u00fcr jedes Kind erleichtert werden. Das Bildungshaus bietet hierf\u00fcr die ideale Basis, um die Zukunftschancen unserer Kinder zu verbessern.<\/p>\n<p>Diese \u00dcberlegung brachte die Schule und KITAS dazu, sich im Herbst 2010 beim Kultusministerium f\u00fcr das Projekt &#8222;Bildungshaus&#8220; zu bewerben. Im Februar 2011 begann die genehmigte Zusammenarbeit. Im Juli 2025 wurde das Konzept v\u00f6llig neu \u00fcberarbeitet und auf die Klassen 1-4, den Hort und alle Kitakinder ausgeweitet.<\/p>\n<p>Das Bildungshaus soll Kitakinder dabei unterst\u00fctzen, sich von Beginn an im schulischen Alltag zu integrieren, ihr Wissen einzubringen und sich auf breiter Basis weiterzuentwickeln.<\/p>\n<p>Zurzeit besuchen KITA-Kinder in Kleingruppen einzelne Schulstunden, f\u00fchren gemeinsam mit den Klassenstufen 1 &#8211; 4 Projekte durch, schauen bei Auff\u00fchrungen zu, machen gemeinsam Sport oder begegnen sich bei verschiedenen Aktivit\u00e4ten au\u00dferhalb des Schulgeb\u00e4udes. Gegenbesuche finden ebenso selbstverst\u00e4ndlich statt. So k\u00f6nnen die Kitakinder den Grundsch\u00fclern ihre Forscherergebnisse erkl\u00e4ren, kleine Theaterst\u00fccke auff\u00fchren oder gemeinsam M\u00e4rchen erkunden.<\/p>\n<p>Wir freuen uns \u00fcber diese enge Kooperation und den damit verbundenen Mehrwert f\u00fcr unsere Schule.<\/p>\n","protected":false},"excerpt":{"rendered":"<p>Die Zusammenarbeit zwischen der Schillerschule und den drei Kindertageseinrichtungen in Bittenfeld lebt vom engen Kontakt der ErzieherInnen und LehrerInnen. Zus\u00e4tzlich zu den Kooperationsbesuchen soll der \u00dcbergang vom Kindergarten in die Schule f\u00fcr jedes Kind erleichtert werden. Das Bildungshaus bietet hierf\u00fcr [&hellip;]<\/p>\n","protected":false},"author":1,"featured_media":0,"parent":0,"menu_order":0,"comment_status":"closed","ping_status":"closed","template":"","meta":{"footnotes":""},"class_list":["post-79","page","type-page","status-publish","hentry"],"_links":{"self":[{"href":"https:\/\/schillerschule-bittenfeld.de\/wordpress\/wp-json\/wp\/v2\/pages\/79","targetHints":{"allow":["GET"]}}],"collection":[{"href":"https:\/\/schillerschule-bittenfeld.de\/wordpress\/wp-json\/wp\/v2\/pages"}],"about":[{"href":"https:\/\/schillerschule-bittenfeld.de\/wordpress\/wp-json\/wp\/v2\/types\/page"}],"author":[{"embeddable":true,"href":"https:\/\/schillerschule-bittenfeld.de\/wordpress\/wp-json\/wp\/v2\/users\/1"}],"replies":[{"embeddable":true,"href":"https:\/\/schillerschule-bittenfeld.de\/wordpress\/wp-json\/wp\/v2\/comments?post=79"}],"version-history":[{"count":7,"href":"https:\/\/schillerschule-bittenfeld.de\/wordpress\/wp-json\/wp\/v2\/pages\/79\/revisions"}],"predecessor-version":[{"id":424,"href":"https:\/\/schillerschule-bittenfeld.de\/wordpress\/wp-json\/wp\/v2\/pages\/79\/revisions\/424"}],"wp:attachment":[{"href":"https:\/\/schillerschule-bittenfeld.de\/wordpress\/wp-json\/wp\/v2\/media?parent=79"}],"curies":[{"name":"wp","href":"https:\/\/api.w.org\/{rel}","templated":true}]}}