{"id":61,"date":"2020-02-07T10:39:54","date_gmt":"2020-02-07T09:39:54","guid":{"rendered":"http:\/\/www.schillerschule-bittenfeld.de\/wordpress\/?page_id=61"},"modified":"2020-04-29T11:58:36","modified_gmt":"2020-04-29T09:58:36","slug":"msc-bittenfeld-e-v","status":"publish","type":"page","link":"https:\/\/schillerschule-bittenfeld.de\/wordpress\/msc-bittenfeld-e-v\/","title":{"rendered":"MSC Bittenfeld e.V."},"content":{"rendered":"\n<p> <\/p>\n\n\n\n<p>Das Fahrrad stellt f\u00fcr Kinder das erste Verkehrsmittel dar, mit dem sie aktiv am Stra\u00dfenverkehr teilnehmen. Dies erfordert nicht nur komplexe motorische Fertigkeiten, sondern auch \u00dcbersicht und \u00dcbung.<\/p>\n\n\n\n<p>Der MSC Bittenfeld e.V. unterst\u00fctzt unsere Sch\u00fcler mit dem\nj\u00e4hrlich stattfindenden Fahrradturnier. Viele freiwillige Helfer bringen den\nSch\u00fclern das Radfahren nochmals n\u00e4her. In einem Geschicklichkeitsparcours\nwerden die Sch\u00fcler in der Beherrschung ihres Fahrrades geschult und versuchen\nden Parcours in einer m\u00f6glichst kurzen Zeit zu absolvieren.<\/p>\n\n\n\n<p><\/p>\n","protected":false},"excerpt":{"rendered":"<p>Das Fahrrad stellt f\u00fcr Kinder das erste Verkehrsmittel dar, mit dem sie aktiv am Stra\u00dfenverkehr teilnehmen. Dies erfordert nicht nur komplexe motorische Fertigkeiten, sondern auch \u00dcbersicht und \u00dcbung. Der MSC Bittenfeld e.V. unterst\u00fctzt unsere Sch\u00fcler mit dem j\u00e4hrlich stattfindenden Fahrradturnier. [&hellip;]<\/p>\n","protected":false},"author":1,"featured_media":0,"parent":0,"menu_order":0,"comment_status":"closed","ping_status":"closed","template":"","meta":{"footnotes":""},"class_list":["post-61","page","type-page","status-publish","hentry"],"_links":{"self":[{"href":"https:\/\/schillerschule-bittenfeld.de\/wordpress\/wp-json\/wp\/v2\/pages\/61","targetHints":{"allow":["GET"]}}],"collection":[{"href":"https:\/\/schillerschule-bittenfeld.de\/wordpress\/wp-json\/wp\/v2\/pages"}],"about":[{"href":"https:\/\/schillerschule-bittenfeld.de\/wordpress\/wp-json\/wp\/v2\/types\/page"}],"author":[{"embeddable":true,"href":"https:\/\/schillerschule-bittenfeld.de\/wordpress\/wp-json\/wp\/v2\/users\/1"}],"replies":[{"embeddable":true,"href":"https:\/\/schillerschule-bittenfeld.de\/wordpress\/wp-json\/wp\/v2\/comments?post=61"}],"version-history":[{"count":2,"href":"https:\/\/schillerschule-bittenfeld.de\/wordpress\/wp-json\/wp\/v2\/pages\/61\/revisions"}],"predecessor-version":[{"id":157,"href":"https:\/\/schillerschule-bittenfeld.de\/wordpress\/wp-json\/wp\/v2\/pages\/61\/revisions\/157"}],"wp:attachment":[{"href":"https:\/\/schillerschule-bittenfeld.de\/wordpress\/wp-json\/wp\/v2\/media?parent=61"}],"curies":[{"name":"wp","href":"https:\/\/api.w.org\/{rel}","templated":true}]}}