{"id":3,"date":"2019-11-29T21:29:35","date_gmt":"2019-11-29T20:29:35","guid":{"rendered":"http:\/\/www.schillerschule-bittenfeld.de\/wordpress\/?page_id=3"},"modified":"2024-07-24T10:19:44","modified_gmt":"2024-07-24T08:19:44","slug":"datenschutzerklaerung","status":"publish","type":"page","link":"https:\/\/schillerschule-bittenfeld.de\/wordpress\/datenschutzerklaerung\/","title":{"rendered":"Datenschutzerkl\u00e4rung"},"content":{"rendered":"\n<h2 class=\"wp-block-heading\">Wer wir sind<\/h2>\n\n\n\n<p>Die Adresse unserer Website ist: http:\/\/www.schillerschule-bittenfeld.de\/wordpress.<\/p>\n\n\n\n<p><strong>Datenschutzerkl\u00e4rung<\/strong><\/p>\n\n\n\n<p><strong>Grundlegendes<\/strong><\/p>\n\n\n\n<p>Diese Datenschutzerkl\u00e4rung soll die Nutzer dieser Website \u00fcber die Art, den\nUmfang und den Zweck der Erhebung und Verwendung personenbezogener Daten durch\nden Websitebetreiber Land Baden W\u00fcrttemberg, vertreten durch Schillerschule\nBittenfeld informieren.<\/p>\n\n\n\n<p>Der Websitebetreiber nimmt Ihren Datenschutz sehr ernst und behandelt Ihre\npersonenbezogenen Daten vertraulich und entsprechend der gesetzlichen\nVorschriften. Da durch neue Technologien und die st\u00e4ndige Weiterentwicklung\ndieser Webseite \u00c4nderungen an dieser Datenschutzerkl\u00e4rung vorgenommen werden\nk\u00f6nnen, empfehlen wir Ihnen sich die Datenschutzerkl\u00e4rung in regelm\u00e4\u00dfigen\nAbst\u00e4nden wieder durchzulesen.<\/p>\n\n\n\n<p>Definitionen der verwendeten Begriffe (z.B. \u201cpersonenbezogene Daten\u201d oder\n\u201cVerarbeitung\u201d) finden Sie in Art. 4&nbsp;<a href=\"https:\/\/www.baden-wuerttemberg.datenschutz.de\/wp-content\/uploads\/2018\/03\/BfDI_Info_6.pdf\" target=\"_blank\" rel=\"noreferrer noopener\"><strong>DSGVO<\/strong><\/a>.<\/p>\n\n\n\n<p><strong>1. Verantwortlicher und Datenschutzbeauftragter<\/strong><\/p>\n\n\n\n<p>Verantwortlich gem.\nArt. 4 Abs. 7 EU-Datenschutz-Grundverordnung (EU-DSGVO) ist die Schule (\u201edie\nnat\u00fcrliche oder juristische Person, Beh\u00f6rde, Einrichtung oder andere Stelle,\ndie allein oder gemeinsam mit anderen \u00fcber die Zwecke und Mittel der\nVerarbeitung von personenbezogenen Daten entscheidet\u201c):<\/p>\n\n\n\n<p>Herausgeber:&nbsp;<br>\nLand Baden-W\u00fcrttemberg<br>\n<br>\nvertreten durch:<br>\nSchillerschule Bittenfeld<br>\nSchulstr. 41<br>\n71336 Waiblingen-Bittenfeld<\/p>\n\n\n\n<p>E-Mail: <a href=\"mailto:schillerschule_bittenfeld@gmx.de\"><strong>info@schillerschule-bittenfeld.de<\/strong><\/a><br> Telefon: 07151 \/ 5001 &#8211; 4560<br> Fax: 07151 \/ 5001 &#8211; 4599<br> <br> Vertretungsberechtigte Person:\u00a0<br> Herr Christian Knaupp (Rektor)<\/p>\n\n\n\n<p>Datenschutzbeauftragte:<\/p>\n\n\n\n<p>Unser beh\u00f6rdlicher Datenschutzbeauftragte (bDSB) gem. Art. 4 Abs. 7 EU-Datenschutz-Grundverordnung (EU-DSGVO) ist Herr Mich\u00e9l Gruska.<\/p>\n\n\n\n<p>Sie erreichen ihn unter <a href=\"mailto:Axel.Meyer@ssa-bk.kv.bwl.de\"><strong>Datenschutz@ssa-bk.kv.bwl.de <\/strong><\/a><\/p>\n\n\n\n<p>Der Landesbeauftragte f\u00fcr Datenschutz und Informationsfreiheit ist Dr.\nStefan Brink.&nbsp;<br>\nSie erreichen Ihn unter:&nbsp;<a href=\"mailto:poststelle@lfdi.bwl.de\"><strong>poststelle@lfdi.bwl.de<\/strong><\/a><br>\n<br>\n<br>\nInformation des Regierungspr\u00e4sidiums Stuttgart vom 22.05.2018:<\/p>\n\n\n\n<figure class=\"wp-block-table\"><table><tbody><tr><td>\n  Die Verh\u00e4ngung von Bu\u00dfgeldern wegen des Versto\u00dfes gegen\n  datenschutzrechtliche Vorschriften nach der EU-DSGVO ist nach dem\n  Landesdatenschutzgesetz (LDSG)&nbsp;gegen\u00fcber \u00f6ffentlichen Stellen und damit\n  auch gegen\u00fcber \u00f6ffentlichen Schulen nicht m\u00f6glich.\n  <\/td><\/tr><\/tbody><\/table><\/figure>\n\n\n\n<p><strong>&nbsp;2. Information \u00fcber die Erhebung\npersonenbezogener Daten, Speicherdauer:<\/strong><\/p>\n\n\n\n<p>Der Websitebetreiber\nerhebt, nutzt und gibt Ihre personenbezogenen Daten nur dann weiter, wenn dies\nim gesetzlichen Rahmen erlaubt ist oder Sie in die Datenerhebung einwilligen.<\/p>\n\n\n\n<p>Diese Website k\u00f6nnen\nSie auch besuchen, ohne Angaben zu Ihrer Person zu machen. Bei der blo\u00df\ninformatorischen Nutzung der Website, also wenn Sie sich nicht registrieren\noder uns anderweitig Informationen \u00fcbermitteln, erheben wir nur die\npersonenbezogenen Daten, die Ihr Browser an unseren Server \u00fcbermittelt. Wenn\nSie unsere Website betrachten m\u00f6chten, erheben wir die folgenden Daten, die f\u00fcr\nuns technisch erforderlich sind, um Ihnen unsere Website anzuzeigen und die\nStabilit\u00e4t und Sicherheit zu gew\u00e4hrleisten (Rechtsgrundlage ist Art. 6 Abs. 1\nS. 1 lit. f EU-DSGVO):<\/p>\n\n\n\n<p><br>\n\u2022&nbsp;&nbsp;&nbsp; IP-Adresse<br>\n\u2022&nbsp;&nbsp;&nbsp; Datum und Uhrzeit der Anfrage<br>\n\u2022&nbsp;&nbsp;&nbsp; Zeitzonendifferenz zur Greenwich Mean Time (GMT)<br>\n\u2022&nbsp;&nbsp;&nbsp; Inhalt der Anforderung (konkrete Seite)<br>\n\u2022&nbsp;&nbsp;&nbsp; Zugriffsstatus\/HTTP-Statuscode<br>\n\u2022&nbsp;&nbsp;&nbsp; jeweils \u00fcbertragene Datenmenge<br>\n\u2022&nbsp;&nbsp;&nbsp; Website, von der die Anforderung kommt<br>\n\u2022&nbsp;&nbsp;&nbsp; Browser<br>\n\u2022&nbsp;&nbsp;&nbsp; Betriebssystem und dessen Oberfl\u00e4che<br>\n\u2022&nbsp;&nbsp;&nbsp; Sprache und Version der Browsersoftware.<\/p>\n\n\n\n<p>Diese Daten sind nicht\nbestimmten Personen zuordenbar. Eine Zusammenf\u00fchrung dieser Daten mit anderen\nDatenquellen wird nicht vorgenommen. Wir behalten uns vor, diese Daten\nnachtr\u00e4glich zu pr\u00fcfen, wenn uns konkrete Anhaltspunkte f\u00fcr eine rechtswidrige\nNutzung bekannt werden.<\/p>\n\n\n\n<p><strong>3. Erhebung und Zweck personenbezogener\nDaten bei Besuch unserer Website<\/strong><\/p>\n\n\n\n<p>Nehmen Sie mit uns als\nWebsitebetreiber durch die angebotenen Kontaktm\u00f6glichkeiten Verbindung auf,\nwerden Ihre Angaben gespeichert, damit auf diese zur Bearbeitung und\nBeantwortung Ihrer Anfrage zur\u00fcckgegriffen werden kann. Ohne Ihre Einwilligung\nwerden diese Daten nicht an Dritte weitergegeben.<\/p>\n\n\n\n<p>Dabei verarbeiten wir\npersonenbezogene Daten wie Vorname, Nachname, IP-Adresse, E-Mail-Adresse,\nWohnort, Postleitzahl und Inhaltsangaben aus dem Kontaktformular zur\nKontaktaufnahme.<\/p>\n\n\n\n<p><strong>4. Ihre Rechte<\/strong><\/p>\n\n\n\n<p>Sie haben gegen\u00fcber uns folgende Rechte hinsichtlich der Sie betreffenden\npersonenbezogenen Daten:<br>\n<br>\n\u2022&nbsp;&nbsp;&nbsp; Recht auf Auskunft,<br>\n\u2022&nbsp;&nbsp;&nbsp; Recht auf Berichtigung oder L\u00f6schung,<br>\n\u2022&nbsp;&nbsp;&nbsp; Recht auf Einschr\u00e4nkung der Verarbeitung,<br>\n\u2022&nbsp;&nbsp;&nbsp; Recht auf Widerspruch gegen die Verarbeitung,<br>\n\u2022&nbsp;&nbsp;&nbsp; Recht auf Daten\u00fcbertragbarkeit.<\/p>\n\n\n\n<p>Sie haben zudem das\nRecht, sich bei einer Datenschutz-Aufsichtsbeh\u00f6rde \u00fcber die Verarbeitung Ihrer\npersonenbezogenen Daten durch uns zu beschweren. Die\nDatenschutzaufsichtsbeh\u00f6rde ist der Landesbeauftragte f\u00fcr den Datenschutz und\ndie Informationsfreiheit (LfDI), K\u00f6nigstrasse 10a, 70173 Stuttgart.<br>\n&nbsp;<\/p>\n\n\n\n<p>Werden\npersonenbezogene Daten an ein Drittland oder an eine internationale\nOrganisation \u00fcbermittelt, so haben Sie das Recht, \u00fcber die geeigneten Garantien\ngem\u00e4\u00df Art. 46 EU-DSGVO im Zusammenhang mit der \u00dcbermittlung unterrichtet zu\nwerden.<\/p>\n\n\n\n<p><strong>5. Reichweitenmessung &amp; Cookies<\/strong><\/p>\n\n\n\n<p>Diese Website\nverwendet Cookies zur pseudonymisierten Reichweitenmessung, die entweder von\nunserem Server oder dem Server Dritter an den Browser des Nutzers \u00fcbertragen\nwerden. Bei Cookies handelt es sich um kleine Dateien, welche auf Ihrem\nEndger\u00e4t gespeichert werden. Ihr Browser greift auf diese Dateien zu. Durch den\nEinsatz von Cookies erh\u00f6ht sich die Benutzerfreundlichkeit und Sicherheit\ndieser Website.<\/p>\n\n\n\n<p>G\u00e4ngige Browser bieten\ndie Einstellungsoption, Cookies nicht zuzulassen. Hinweis: Es ist nicht\ngew\u00e4hrleistet, dass Sie auf alle Funktionen dieser Website ohne Einschr\u00e4nkungen\nzugreifen k\u00f6nnen, wenn Sie entsprechende Einstellungen vornehmen.<\/p>\n\n\n\n<p><strong>6. Einbindung von Diensten und Inhalten\nDritter<\/strong><\/p>\n\n\n\n<p>Unser Onlineangebot setzt auf Grundlage unserer berechtigten Interessen (d.h. Interesse an der Analyse, Optimierung und wirtschaftlichem Betrieb unseres Onlineangebotes im Sinne des Art. 6 Abs. 1 lit. f. DSGVO) Inhalts- oder Serviceangebote von Drittanbietern ein, um deren Inhalte und Services, wie z.B. Videos oder Schriftarten einzubinden (nachfolgend einheitlich bezeichnet als \u201cInhalte\u201d).<\/p>\n\n\n<p><!--StartFragment--><\/p>","protected":false},"excerpt":{"rendered":"<p>Wer wir sind Die Adresse unserer Website ist: http:\/\/www.schillerschule-bittenfeld.de\/wordpress. Datenschutzerkl\u00e4rung Grundlegendes Diese Datenschutzerkl\u00e4rung soll die Nutzer dieser Website \u00fcber die Art, den Umfang und den Zweck der Erhebung und Verwendung personenbezogener Daten durch den Websitebetreiber Land Baden W\u00fcrttemberg, vertreten durch [&hellip;]<\/p>\n","protected":false},"author":1,"featured_media":0,"parent":0,"menu_order":0,"comment_status":"closed","ping_status":"open","template":"","meta":{"footnotes":""},"class_list":["post-3","page","type-page","status-publish","hentry"],"_links":{"self":[{"href":"https:\/\/schillerschule-bittenfeld.de\/wordpress\/wp-json\/wp\/v2\/pages\/3","targetHints":{"allow":["GET"]}}],"collection":[{"href":"https:\/\/schillerschule-bittenfeld.de\/wordpress\/wp-json\/wp\/v2\/pages"}],"about":[{"href":"https:\/\/schillerschule-bittenfeld.de\/wordpress\/wp-json\/wp\/v2\/types\/page"}],"author":[{"embeddable":true,"href":"https:\/\/schillerschule-bittenfeld.de\/wordpress\/wp-json\/wp\/v2\/users\/1"}],"replies":[{"embeddable":true,"href":"https:\/\/schillerschule-bittenfeld.de\/wordpress\/wp-json\/wp\/v2\/comments?post=3"}],"version-history":[{"count":5,"href":"https:\/\/schillerschule-bittenfeld.de\/wordpress\/wp-json\/wp\/v2\/pages\/3\/revisions"}],"predecessor-version":[{"id":369,"href":"https:\/\/schillerschule-bittenfeld.de\/wordpress\/wp-json\/wp\/v2\/pages\/3\/revisions\/369"}],"wp:attachment":[{"href":"https:\/\/schillerschule-bittenfeld.de\/wordpress\/wp-json\/wp\/v2\/media?parent=3"}],"curies":[{"name":"wp","href":"https:\/\/api.w.org\/{rel}","templated":true}]}}