{"id":274,"date":"2022-12-01T12:56:02","date_gmt":"2022-12-01T11:56:02","guid":{"rendered":"https:\/\/schillerschule-bittenfeld.de\/wordpress\/?page_id=274"},"modified":"2026-04-16T12:59:51","modified_gmt":"2026-04-16T10:59:51","slug":"ganztagesbetreuung","status":"publish","type":"page","link":"https:\/\/schillerschule-bittenfeld.de\/wordpress\/ganztagesbetreuung\/","title":{"rendered":"Ganztagsbetreuung"},"content":{"rendered":"\n<h1 class=\"wp-block-heading\"><strong>Ganztagsbetreuung Schillerschule<\/strong><\/h1>\n\n\n\n<p>07151 \/ 5001 &#8211; 45 82<\/p>\n\n\n\n<p><strong>Ganztagsbetreuung Schillerschule<\/strong><\/p>\n\n\n\n<p>07151 \/ 5001 \u2013 45 82<\/p>\n\n\n\n<p><a href=\"mailto:gtb-schillerschule-bittenfeld@waiblingen.de\">gtb-schillerschule-bittenfeld@waiblingen.de<\/a><\/p>\n\n\n\n<p><strong>Kommunale Ganztagsbetreuung<\/strong><\/p>\n\n\n\n<p>In einem Nebengeb\u00e4ude der Schillerschule bietet die Ganztagsbetreuung zurzeit \u00fcber 100 Kindern jeden Schultag und in den meisten Ferien (siehe Ferien\u00fcbersicht) die Woche \u00fcber verl\u00e4ssliche Betreuung an.<\/p>\n\n\n\n<p>In Absprache mit den verschiedenen Verantwortlichen k\u00f6nnen wir neben den regul\u00e4ren Gruppenr\u00e4umen Klassenzimmer, die so genannte Turnhalle \u201eKleine Halle\u201c, den benachbarten Sportplatz des SV und den Schulhof mit Boulderwand, Tischtennisplatten und Kletterpyramide zus\u00e4tzlich nutzen.<\/p>\n\n\n\n<p>Wir verstehen uns als Betreuungsangebot, das die Familien erg\u00e4nzt, Schule begleitet und Freizeit gestaltet.&nbsp;<\/p>\n\n\n\n<p>Eingerichtet sind wir zur Betreuung von Sch\u00fcler*innen der Klassenstufen 1 \u2013 4 der Schillerschule.<\/p>\n\n\n\n<p><strong>Betreuungszeiten an Schultagen<\/strong><\/p>\n\n\n\n<p>Montag \u2013 Freitag von 7.00 \u2013 8.30 Uhr<\/p>\n\n\n\n<p>und<\/p>\n\n\n\n<p>im Anschluss an den Vormittagsunterricht bis 17.30 Uhr.&nbsp;<\/p>\n\n\n\n<p><strong>Ferienbetreuung<\/strong><\/p>\n\n\n\n<p>In verschiedenen Ferienwochen bieten wir von 7.00 \u2013 max. 17.30 Uhr Ferienbetreuung an.<\/p>\n\n\n\n<p>Ein Betreuungsbedarf wird jeweils abgefragt.<\/p>\n\n\n\n<p>F\u00fcr Ferienbetreuung werden separat Geb\u00fchren erhoben.<\/p>\n\n\n\n<p>Ferienbetreuung kann auch von Eltern gebucht werden, deren Kinder nicht in der GTB-Betreuung angemeldet sind.<\/p>\n\n\n\n<p>Eine Ferien- und Betreuungs\u00fcbersicht finden Sie hier:<\/p>\n\n\n\n<div data-wp-interactive=\"core\/file\" class=\"wp-block-file\"><object data-wp-bind--hidden=\"!state.hasPdfPreview\" hidden class=\"wp-block-file__embed\" data=\"https:\/\/schillerschule-bittenfeld.de\/wordpress\/wp-content\/uploads\/2026\/04\/Ferienuebersicht-2025-2026.pdf\" type=\"application\/pdf\" style=\"width:100%;height:600px\" aria-label=\"Einbettung von Ferien\u00fcbersicht 2025 2026.\"><\/object><a id=\"wp-block-file--media-8331fef7-0187-4190-94ac-61b19b0f12a2\" href=\"https:\/\/schillerschule-bittenfeld.de\/wordpress\/wp-content\/uploads\/2026\/04\/Ferienuebersicht-2025-2026.pdf\">Ferien\u00fcbersicht 2025 2026<\/a><a href=\"https:\/\/schillerschule-bittenfeld.de\/wordpress\/wp-content\/uploads\/2026\/04\/Ferienuebersicht-2025-2026.pdf\" class=\"wp-block-file__button wp-element-button\" download aria-describedby=\"wp-block-file--media-8331fef7-0187-4190-94ac-61b19b0f12a2\">Herunterladen<\/a><\/div>\n\n\n\n<p>Die Ferien\u00fcbersicht f\u00fcr 2026\/2027 folgt.<\/p>\n\n\n\n<h3 class=\"wp-block-heading\"><strong>Unser Tagesablauf<\/strong><\/h3>\n\n\n\n<ul class=\"wp-block-list\">\n<li>7.00 \u2013 8.30 Uhr&nbsp;&nbsp;&nbsp;&nbsp;&nbsp;&nbsp;&nbsp;&nbsp;&nbsp;&nbsp;&nbsp;&nbsp;&nbsp;&nbsp;&nbsp;&nbsp;&nbsp;&nbsp; Fr\u00fchdienstbetreuung bis zum Unterrichtsbeginn<\/li>\n\n\n\n<li>\u00d6ffnung nach dem Vormittagsunterricht, Ankommen der Kinder<\/li>\n\n\n\n<li>12.15 \u2013 13.30 &nbsp;&nbsp;&nbsp;&nbsp;&nbsp;&nbsp;&nbsp;&nbsp;&nbsp;&nbsp;&nbsp;&nbsp;&nbsp;&nbsp;&nbsp;&nbsp;&nbsp;&nbsp;&nbsp;&nbsp; offene Mittagessenszeit<br>parallel dazu &nbsp;&nbsp;&nbsp;&nbsp;&nbsp;&nbsp;&nbsp;&nbsp;&nbsp;&nbsp;&nbsp;&nbsp;&nbsp;&nbsp;&nbsp;&nbsp;&nbsp;&nbsp;&nbsp;&nbsp;&nbsp;&nbsp; freies Spielen in Haus und Hof; vereinzelt Angebote<\/li>\n\n\n\n<li>13.30 \u2013 14.00 Uhr &nbsp;&nbsp;&nbsp;&nbsp;&nbsp;&nbsp;&nbsp;&nbsp;&nbsp;&nbsp;&nbsp;&nbsp;&nbsp; freies Spielen in Haus und Hof<\/li>\n\n\n\n<li>14.00 \u2013 15.00 Uhr &nbsp;&nbsp;&nbsp;&nbsp;&nbsp;&nbsp;&nbsp;&nbsp;&nbsp;&nbsp;&nbsp;&nbsp;&nbsp; Hausaufgabenbetreuung<br>[14.30 \u2013 15.30 Uhr&nbsp;&nbsp;&nbsp;&nbsp;&nbsp;&nbsp;&nbsp;&nbsp;&nbsp;&nbsp;&nbsp;&nbsp; extra zu buchende Hausaufgabenhilfe]<br>nach den Hausaufgaben &nbsp; freies Spielen in Haus und Hof<\/li>\n\n\n\n<li>15.15 \u2013 16.00 Uhr &nbsp;&nbsp;&nbsp;&nbsp;&nbsp;&nbsp;&nbsp;&nbsp;&nbsp;&nbsp;&nbsp;&nbsp;&nbsp; Angebote und Aktionen<\/li>\n\n\n\n<li>16.00 \u2013 16.30 Uhr &nbsp;&nbsp;&nbsp;&nbsp;&nbsp;&nbsp;&nbsp;&nbsp;&nbsp;&nbsp;&nbsp;&nbsp;&nbsp; Obstrunde<\/li>\n\n\n\n<li>17.00 \u2013 17.30 Uhr &nbsp;&nbsp;&nbsp;&nbsp;&nbsp;&nbsp;&nbsp;&nbsp;&nbsp;&nbsp;&nbsp;&nbsp;&nbsp; Abholen<\/li>\n\n\n\n<li>17.30 Uhr &nbsp;&nbsp;&nbsp;&nbsp;&nbsp;&nbsp;&nbsp;&nbsp;&nbsp;&nbsp;&nbsp;&nbsp;&nbsp;&nbsp;&nbsp;&nbsp;&nbsp;&nbsp;&nbsp;&nbsp;&nbsp;&nbsp;&nbsp;&nbsp;&nbsp; Betreuungsende<\/li>\n<\/ul>\n\n\n\n<h3 class=\"wp-block-heading\"><strong>Was wir bieten<\/strong><\/h3>\n\n\n\n<ul class=\"wp-block-list\">\n<li>Mittagessen<\/li>\n\n\n\n<li>beaufsichtigtes Freispiel<\/li>\n\n\n\n<li>Ger\u00e4teh\u00fctte mit Fahrzeugen, Inlinern und Au\u00dfenspielen<\/li>\n\n\n\n<li>Hausaufgabenbetreuung<\/li>\n\n\n\n<li>[auf Antrag der Schule] Hausaufgabenhilfe<br>mit Lernunterst\u00fctzung in Absprache mit den Lehrer*innen<\/li>\n\n\n\n<li>situations-, und kinderorientierte Freizeitangebote<\/li>\n\n\n\n<li>Beteiligung der Kinder an der Programmgestaltung<\/li>\n\n\n\n<li>kleine Ausfl\u00fcge<\/li>\n\n\n\n<li>montags: Turnstunde <em>Sport im Hort<\/em><\/li>\n\n\n\n<li>mittwochs und freitags: Kooperationsangebot KiSS durch den VfL Waiblingen<\/li>\n\n\n\n<li>donnerstags: Leseprojekt <em>Lesezeit! <\/em>mit monatlichem B\u00fcchereibesuch<\/li>\n\n\n\n<li>1x w\u00f6chentlich<br>Garten-AG zum Bewirtschaften und Gestalten des Innenhofes als Gartengel\u00e4nde<\/li>\n\n\n\n<li>1x monatlich<br>Spielzeugtag<br>Schlauberger-Kino (kleine Filme zur Unterhaltung oder Wissenserweiterung)<\/li>\n<\/ul>\n\n\n\n<h3 class=\"wp-block-heading\"><strong>Anmeldung<\/strong><\/h3>\n\n\n\n<p>Haben Sie Fragen zur Anmeldung, dann nehmen Sie bitte Kontakt zu uns auf!<\/p>\n\n\n\n<p>W\u00e4hrend eines laufenden Schuljahres ist in begr\u00fcndeten F\u00e4llen eine Aufnahme m\u00f6glich.<br>Das Betreuungsangebot richtet sich an Eltern von Sch\u00fcler*innen der Schillerschule. Voraussetzung f\u00fcr eine Aufnahme ist die Arbeitst\u00e4tigkeit beider Eltern bzw. des allein erziehenden Elternteils.<\/p>\n\n\n\n<p>Bei Bedarf und Interesse fragen Sie unkompliziert bei uns nach.<\/p>\n\n\n\n<h3 class=\"wp-block-heading\">Kontakt<\/h3>\n\n\n\n<p><strong>Ganztagsbetreuung Schillerschule<\/strong><\/p>\n\n\n\n<p><a href=\"https:\/\/www.google.com\/maps\/dir\/Christofstra\u00dfe+21,+71332+Waiblingen\/\" target=\"_blank\" rel=\"noreferrer noopener\"><strong>Schulstra\u00dfe 41,&nbsp;71336 Waiblingen<\/strong><\/a>-Bittenfeld<\/p>\n\n\n\n<p><strong>Leitung: &nbsp;&nbsp;&nbsp; Matthias Siegle<\/strong><\/p>\n\n\n\n<p><strong>Tel.: &nbsp;&nbsp;&nbsp;&nbsp;&nbsp;&nbsp;&nbsp;&nbsp;&nbsp; 07151 \/ 5001 \u2013 45 82 oder 42 83<\/strong><\/p>\n\n\n\n<p><strong>e-mail:&nbsp;&nbsp;&nbsp;&nbsp;&nbsp; &nbsp;<\/strong><a href=\"mailto:matthias.siegle@waiblingen.de\"><em>matthias.siegle@waiblingen.de<\/em><\/a><strong> <\/strong><strong>oder <\/strong><a href=\"mailto:gtb-schillerschule@waiblingen.de\"><em>gtb-schillerschule@waiblingen.de<\/em><\/a><\/p>\n\n\n\n<h3 class=\"wp-block-heading\">Unser Tr\u00e4ger<\/h3>\n\n\n\n<p><strong>Tr\u00e4ger der Einrichtung ist die<\/strong><\/p>\n\n\n\n<p><strong>Stadt Waiblingen<\/strong><\/p>\n\n\n\n<p><strong>Fachbereich Schulen<\/strong><\/p>\n\n\n\n<p><a href=\"https:\/\/www.google.com\/maps\/dir\/Marktgasse+1,+71332+Waiblingen\/\" target=\"_blank\" rel=\"noreferrer noopener\"><strong>Marktgasse 1<\/strong><\/a><\/p>\n\n\n\n<p><a href=\"https:\/\/www.google.com\/maps\/dir\/Marktgasse+1,+71332+Waiblingen\/\" target=\"_blank\" rel=\"noreferrer noopener\">71332 Waiblingen<\/a><\/p>\n\n\n\n<p><strong>Sie finden uns auch im Internet unter<\/strong><\/p>\n\n\n\n<p>Kommunale Ganztagsbetreuung an Grundschulen | Stadt Waiblingen \u2013 Junge Stadt in alten Mauern<\/p>\n\n\n\n<p><\/p>\n\n\n\n<p><\/p>\n","protected":false},"excerpt":{"rendered":"<p>Ganztagsbetreuung Schillerschule 07151 \/ 5001 &#8211; 45 82 Ganztagsbetreuung Schillerschule 07151 \/ 5001 \u2013 45 82 gtb-schillerschule-bittenfeld@waiblingen.de Kommunale Ganztagsbetreuung In einem Nebengeb\u00e4ude der Schillerschule bietet die Ganztagsbetreuung zurzeit \u00fcber 100 Kindern jeden Schultag und in den meisten Ferien (siehe Ferien\u00fcbersicht) [&hellip;]<\/p>\n","protected":false},"author":1,"featured_media":0,"parent":0,"menu_order":0,"comment_status":"closed","ping_status":"closed","template":"","meta":{"footnotes":""},"class_list":["post-274","page","type-page","status-publish","hentry"],"_links":{"self":[{"href":"https:\/\/schillerschule-bittenfeld.de\/wordpress\/wp-json\/wp\/v2\/pages\/274","targetHints":{"allow":["GET"]}}],"collection":[{"href":"https:\/\/schillerschule-bittenfeld.de\/wordpress\/wp-json\/wp\/v2\/pages"}],"about":[{"href":"https:\/\/schillerschule-bittenfeld.de\/wordpress\/wp-json\/wp\/v2\/types\/page"}],"author":[{"embeddable":true,"href":"https:\/\/schillerschule-bittenfeld.de\/wordpress\/wp-json\/wp\/v2\/users\/1"}],"replies":[{"embeddable":true,"href":"https:\/\/schillerschule-bittenfeld.de\/wordpress\/wp-json\/wp\/v2\/comments?post=274"}],"version-history":[{"count":11,"href":"https:\/\/schillerschule-bittenfeld.de\/wordpress\/wp-json\/wp\/v2\/pages\/274\/revisions"}],"predecessor-version":[{"id":456,"href":"https:\/\/schillerschule-bittenfeld.de\/wordpress\/wp-json\/wp\/v2\/pages\/274\/revisions\/456"}],"wp:attachment":[{"href":"https:\/\/schillerschule-bittenfeld.de\/wordpress\/wp-json\/wp\/v2\/media?parent=274"}],"curies":[{"name":"wp","href":"https:\/\/api.w.org\/{rel}","templated":true}]}}