{"id":27,"date":"2019-11-29T22:24:55","date_gmt":"2019-11-29T21:24:55","guid":{"rendered":"http:\/\/www.schillerschule-bittenfeld.de\/wordpress\/?page_id=27"},"modified":"2025-02-05T13:45:28","modified_gmt":"2025-02-05T12:45:28","slug":"foerderverein","status":"publish","type":"page","link":"https:\/\/schillerschule-bittenfeld.de\/wordpress\/foerderverein\/","title":{"rendered":"F\u00f6rderverein"},"content":{"rendered":"\n<p><strong>Gr\u00fcndung<\/strong><\/p>\n\n\n\n<p>Der Verein wurde 1996 von engagierten Eltern und Lehrern gegr\u00fcndet.<\/p>\n\n\n\n<p><\/p>\n\n\n\n<p><strong>Ziele des F\u00f6rdervereins<\/strong><\/p>\n\n\n\n<p>Im Fokus unseres Engagements steht es, den Kindern und der Schule zu erm\u00f6glichen, was sonst nicht m\u00f6glich w\u00e4re!<strong> <\/strong>Finanziert werden Anschaffungen, f\u00fcr die keine Haushaltsmittel zur Verf\u00fcgung stehen, sodass notwendige Materialien und Ausstattungen dennoch angeschafft werden k\u00f6nnen.<\/p>\n\n\n\n<p>Auch Schulveranstaltungen, die das Schulleben bereichern, werden erm\u00f6glicht. Unser Ziel ist es, allen Sch\u00fclern unvergessliche Erlebnisse zu erm\u00f6glichen und ihre schulische Zeit positiv mit zu gestalten.<\/p>\n\n\n<p><!--StartFragment--><\/p>\n\n\n<p><\/p>\n\n\n\n<p><\/p>\n","protected":false},"excerpt":{"rendered":"<p>Gr\u00fcndung Der Verein wurde 1996 von engagierten Eltern und Lehrern gegr\u00fcndet. Ziele des F\u00f6rdervereins Im Fokus unseres Engagements steht es, den Kindern und der Schule zu erm\u00f6glichen, was sonst nicht m\u00f6glich w\u00e4re! Finanziert werden Anschaffungen, f\u00fcr die keine Haushaltsmittel zur [&hellip;]<\/p>\n","protected":false},"author":1,"featured_media":0,"parent":0,"menu_order":0,"comment_status":"closed","ping_status":"closed","template":"","meta":{"footnotes":""},"class_list":["post-27","page","type-page","status-publish","hentry"],"_links":{"self":[{"href":"https:\/\/schillerschule-bittenfeld.de\/wordpress\/wp-json\/wp\/v2\/pages\/27","targetHints":{"allow":["GET"]}}],"collection":[{"href":"https:\/\/schillerschule-bittenfeld.de\/wordpress\/wp-json\/wp\/v2\/pages"}],"about":[{"href":"https:\/\/schillerschule-bittenfeld.de\/wordpress\/wp-json\/wp\/v2\/types\/page"}],"author":[{"embeddable":true,"href":"https:\/\/schillerschule-bittenfeld.de\/wordpress\/wp-json\/wp\/v2\/users\/1"}],"replies":[{"embeddable":true,"href":"https:\/\/schillerschule-bittenfeld.de\/wordpress\/wp-json\/wp\/v2\/comments?post=27"}],"version-history":[{"count":6,"href":"https:\/\/schillerschule-bittenfeld.de\/wordpress\/wp-json\/wp\/v2\/pages\/27\/revisions"}],"predecessor-version":[{"id":398,"href":"https:\/\/schillerschule-bittenfeld.de\/wordpress\/wp-json\/wp\/v2\/pages\/27\/revisions\/398"}],"wp:attachment":[{"href":"https:\/\/schillerschule-bittenfeld.de\/wordpress\/wp-json\/wp\/v2\/media?parent=27"}],"curies":[{"name":"wp","href":"https:\/\/api.w.org\/{rel}","templated":true}]}}