{"id":23,"date":"2019-11-29T22:24:19","date_gmt":"2019-11-29T21:24:19","guid":{"rendered":"http:\/\/www.schillerschule-bittenfeld.de\/wordpress\/?page_id=23"},"modified":"2026-02-09T08:37:37","modified_gmt":"2026-02-09T07:37:37","slug":"elternbeirat","status":"publish","type":"page","link":"https:\/\/schillerschule-bittenfeld.de\/wordpress\/elternbeirat\/","title":{"rendered":"Elternbeirat"},"content":{"rendered":"\n<p><strong>Die Elternbeir\u00e4te in diesem Schuljahr<\/strong><\/p>\n\n\n\n<p>Elternbeiratsvorsitzende: Frau Adami<\/p>\n\n\n\n<p>stellv. Elternbeiratsvorsitzende:\u00a0Frau Veigel<\/p>\n\n\n\n<p><\/p>\n\n\n\n<p><strong>Der Elternbeirat setzt sich aus den, in den Klassen gew\u00e4hlten<\/strong>, <strong>Elternvertretern zusammen<\/strong>.<\/p>\n\n\n\n<p><\/p>\n\n\n\n<p>Der Elternbeirat h\u00e4lt engen Kontakt zum Kollegium und zur Schulleitung.<\/p>\n\n\n\n<p>Zu seinen Aufgaben z\u00e4hlen:<\/p>\n\n\n\n<ul class=\"wp-block-list\">\n<li>die Interessen der Eltern aller Sch\u00fcler der gesamten Schule zu vertreten,<\/li>\n\n\n\n<li>allen Eltern der Schule die Gelegenheit zur Information zu geben,<\/li>\n\n\n\n<li>W\u00fcnsche und Anregungen der Eltern aufzunehmen, dar\u00fcber zu beraten und sie weiterzuleiten,<\/li>\n\n\n\n<li>die Entscheidung \u00fcber einen unterrichtsfreien Tag zu beraten,<\/li>\n\n\n\n<li>\u00fcber die Verwendung von Lernmitteln zu beraten,<\/li>\n\n\n\n<li>bei Verfahren, die zur Entlassung eines Sch\u00fclers f\u00fchren k\u00f6nnen, geh\u00f6rt zu werden.<\/li>\n<\/ul>\n\n\n\n<p><\/p>\n","protected":false},"excerpt":{"rendered":"<p>Die Elternbeir\u00e4te in diesem Schuljahr Elternbeiratsvorsitzende: Frau Adami stellv. Elternbeiratsvorsitzende:\u00a0Frau Veigel Der Elternbeirat setzt sich aus den, in den Klassen gew\u00e4hlten, Elternvertretern zusammen. Der Elternbeirat h\u00e4lt engen Kontakt zum Kollegium und zur Schulleitung. Zu seinen Aufgaben z\u00e4hlen:<\/p>\n","protected":false},"author":1,"featured_media":0,"parent":0,"menu_order":0,"comment_status":"closed","ping_status":"closed","template":"","meta":{"footnotes":""},"class_list":["post-23","page","type-page","status-publish","hentry"],"_links":{"self":[{"href":"https:\/\/schillerschule-bittenfeld.de\/wordpress\/wp-json\/wp\/v2\/pages\/23","targetHints":{"allow":["GET"]}}],"collection":[{"href":"https:\/\/schillerschule-bittenfeld.de\/wordpress\/wp-json\/wp\/v2\/pages"}],"about":[{"href":"https:\/\/schillerschule-bittenfeld.de\/wordpress\/wp-json\/wp\/v2\/types\/page"}],"author":[{"embeddable":true,"href":"https:\/\/schillerschule-bittenfeld.de\/wordpress\/wp-json\/wp\/v2\/users\/1"}],"replies":[{"embeddable":true,"href":"https:\/\/schillerschule-bittenfeld.de\/wordpress\/wp-json\/wp\/v2\/comments?post=23"}],"version-history":[{"count":12,"href":"https:\/\/schillerschule-bittenfeld.de\/wordpress\/wp-json\/wp\/v2\/pages\/23\/revisions"}],"predecessor-version":[{"id":444,"href":"https:\/\/schillerschule-bittenfeld.de\/wordpress\/wp-json\/wp\/v2\/pages\/23\/revisions\/444"}],"wp:attachment":[{"href":"https:\/\/schillerschule-bittenfeld.de\/wordpress\/wp-json\/wp\/v2\/media?parent=23"}],"curies":[{"name":"wp","href":"https:\/\/api.w.org\/{rel}","templated":true}]}}