{"id":19,"date":"2019-11-29T22:22:14","date_gmt":"2019-11-29T21:22:14","guid":{"rendered":"http:\/\/www.schillerschule-bittenfeld.de\/wordpress\/?page_id=19"},"modified":"2020-05-14T09:39:00","modified_gmt":"2020-05-14T07:39:00","slug":"schulprofil","status":"publish","type":"page","link":"https:\/\/schillerschule-bittenfeld.de\/wordpress\/schulprofil\/","title":{"rendered":"Schulprofil"},"content":{"rendered":"\n<blockquote class=\"wp-block-quote has-text-align-center is-layout-flow wp-block-quote-is-layout-flow\"><p><strong> Eine&nbsp;kleine&nbsp;Schule&nbsp;hat&nbsp;gro\u00dfe&nbsp;Vorteile! <\/strong><\/p><\/blockquote>\n\n\n\n<figure class=\"wp-block-image size-large\"><img loading=\"lazy\" decoding=\"async\" width=\"640\" height=\"480\" src=\"http:\/\/www.schillerschule-bittenfeld.de\/wordpress\/wp-content\/uploads\/2019\/11\/Schule2.jpg\" alt=\"Bild der Schillerschule Bittenfeld\" class=\"wp-image-20\" srcset=\"https:\/\/schillerschule-bittenfeld.de\/wordpress\/wp-content\/uploads\/2019\/11\/Schule2.jpg 640w, https:\/\/schillerschule-bittenfeld.de\/wordpress\/wp-content\/uploads\/2019\/11\/Schule2-300x225.jpg 300w\" sizes=\"auto, (max-width: 640px) 100vw, 640px\" \/><\/figure>\n\n\n\n<p>Sch\u00f6n, dass Sie sich \u00fcber das Profil unserer Schule informieren m\u00f6chten!<\/p>\n\n\n\n<p><\/p>\n","protected":false},"excerpt":{"rendered":"<p>Eine&nbsp;kleine&nbsp;Schule&nbsp;hat&nbsp;gro\u00dfe&nbsp;Vorteile! Sch\u00f6n, dass Sie sich \u00fcber das Profil unserer Schule informieren m\u00f6chten!<\/p>\n","protected":false},"author":1,"featured_media":0,"parent":0,"menu_order":0,"comment_status":"closed","ping_status":"closed","template":"","meta":{"footnotes":""},"class_list":["post-19","page","type-page","status-publish","hentry"],"_links":{"self":[{"href":"https:\/\/schillerschule-bittenfeld.de\/wordpress\/wp-json\/wp\/v2\/pages\/19","targetHints":{"allow":["GET"]}}],"collection":[{"href":"https:\/\/schillerschule-bittenfeld.de\/wordpress\/wp-json\/wp\/v2\/pages"}],"about":[{"href":"https:\/\/schillerschule-bittenfeld.de\/wordpress\/wp-json\/wp\/v2\/types\/page"}],"author":[{"embeddable":true,"href":"https:\/\/schillerschule-bittenfeld.de\/wordpress\/wp-json\/wp\/v2\/users\/1"}],"replies":[{"embeddable":true,"href":"https:\/\/schillerschule-bittenfeld.de\/wordpress\/wp-json\/wp\/v2\/comments?post=19"}],"version-history":[{"count":3,"href":"https:\/\/schillerschule-bittenfeld.de\/wordpress\/wp-json\/wp\/v2\/pages\/19\/revisions"}],"predecessor-version":[{"id":172,"href":"https:\/\/schillerschule-bittenfeld.de\/wordpress\/wp-json\/wp\/v2\/pages\/19\/revisions\/172"}],"wp:attachment":[{"href":"https:\/\/schillerschule-bittenfeld.de\/wordpress\/wp-json\/wp\/v2\/media?parent=19"}],"curies":[{"name":"wp","href":"https:\/\/api.w.org\/{rel}","templated":true}]}}