{"id":139,"date":"2020-02-11T14:11:28","date_gmt":"2020-02-11T13:11:28","guid":{"rendered":"http:\/\/www.schillerschule-bittenfeld.de\/wordpress\/?page_id=139"},"modified":"2025-07-30T13:51:32","modified_gmt":"2025-07-30T11:51:32","slug":"didaktisches-konzept","status":"publish","type":"page","link":"https:\/\/schillerschule-bittenfeld.de\/wordpress\/didaktisches-konzept\/","title":{"rendered":"Didaktisches Konzept"},"content":{"rendered":"\n<p>Bei der Arbeit an der\nSchule sind uns folgende Punkte wichtig:<\/p>\n\n\n\n<p>Das\nKlassenlehrerprinzip wird von der ersten bis zur vierten Klasse praktiziert,\ndadurch ist gew\u00e4hrleistet, dass die Sch\u00fclerinnen und Sch\u00fcler immer einen\nAnsprechpartner haben. <\/p>\n\n\n\n<ul class=\"wp-block-list\">\n<li>In allen Klassenstufen wird der Einsatz von neuen Medien ausgeweitet, dazu werden die Lehrerinnen und Lehrer intern geschult. <\/li>\n\n\n\n<li>Die Selbstst\u00e4ndigkeit der Sch\u00fclerinnen und Sch\u00fcler wird durch      verschiedene&nbsp;Unterrichtsmethoden (z.B. Freiarbeit, Wochenplan, \u2026) gef\u00f6rdert. <\/li>\n\n\n\n<li>Die Schule legt Wert auf die Zusammenarbeit mit den Eltern, z.B. als Lesepaten, Sprachhelfer, etc.<\/li>\n\n\n\n<li>Soziales Lernen &#8211; Seit November 2022 setzen wir das neue Sozialcurriculum um<\/li>\n\n\n\n<li>Im September startet uns Projekt &#8222;Pausenengel&#8220; mit Kindern der Klassen 4<\/li>\n\n\n\n<li>Lernen in Projekten <\/li>\n\n\n\n<li>Konzepte zur F\u00f6rderung der Lesekompetenz: BISS-Transfer, Antolin-Programm, Vorlesewettbewerb, Vorlesestunden f\u00fcr Patenklassen, Kooperation mit Kinderg\u00e4rten und Ortsb\u00fccherei, Lesekoffer, Bildungshaus.\u00a0<\/li>\n\n\n\n<li>Konfessionelle Kooperation im Religionsunterricht der Klassen 1 und 2<\/li>\n\n\n\n<li>erweiterte Kernzeitenbetreuung von 7.00 &#8211; 8.15 Uhr und von 12.00 &#8211; 14.30 Uhr <\/li>\n\n\n\n<li>Hort an der Schule bis 17 Uhr.<\/li>\n<\/ul>\n","protected":false},"excerpt":{"rendered":"<p>Bei der Arbeit an der Schule sind uns folgende Punkte wichtig: Das Klassenlehrerprinzip wird von der ersten bis zur vierten Klasse praktiziert, dadurch ist gew\u00e4hrleistet, dass die Sch\u00fclerinnen und Sch\u00fcler immer einen Ansprechpartner haben.<\/p>\n","protected":false},"author":1,"featured_media":0,"parent":0,"menu_order":0,"comment_status":"closed","ping_status":"closed","template":"","meta":{"footnotes":""},"class_list":["post-139","page","type-page","status-publish","hentry"],"_links":{"self":[{"href":"https:\/\/schillerschule-bittenfeld.de\/wordpress\/wp-json\/wp\/v2\/pages\/139","targetHints":{"allow":["GET"]}}],"collection":[{"href":"https:\/\/schillerschule-bittenfeld.de\/wordpress\/wp-json\/wp\/v2\/pages"}],"about":[{"href":"https:\/\/schillerschule-bittenfeld.de\/wordpress\/wp-json\/wp\/v2\/types\/page"}],"author":[{"embeddable":true,"href":"https:\/\/schillerschule-bittenfeld.de\/wordpress\/wp-json\/wp\/v2\/users\/1"}],"replies":[{"embeddable":true,"href":"https:\/\/schillerschule-bittenfeld.de\/wordpress\/wp-json\/wp\/v2\/comments?post=139"}],"version-history":[{"count":6,"href":"https:\/\/schillerschule-bittenfeld.de\/wordpress\/wp-json\/wp\/v2\/pages\/139\/revisions"}],"predecessor-version":[{"id":426,"href":"https:\/\/schillerschule-bittenfeld.de\/wordpress\/wp-json\/wp\/v2\/pages\/139\/revisions\/426"}],"wp:attachment":[{"href":"https:\/\/schillerschule-bittenfeld.de\/wordpress\/wp-json\/wp\/v2\/media?parent=139"}],"curies":[{"name":"wp","href":"https:\/\/api.w.org\/{rel}","templated":true}]}}