{"id":110,"date":"2020-02-11T11:07:15","date_gmt":"2020-02-11T10:07:15","guid":{"rendered":"http:\/\/www.schillerschule-bittenfeld.de\/wordpress\/?page_id=110"},"modified":"2025-02-06T14:16:33","modified_gmt":"2025-02-06T13:16:33","slug":"mitglied-werden-spenden","status":"publish","type":"page","link":"https:\/\/schillerschule-bittenfeld.de\/wordpress\/mitglied-werden-spenden\/","title":{"rendered":"Mitglied werden\/ Spenden"},"content":{"rendered":"\n<p><strong>Gemeinsam k\u00f6nnen wir viel bewegen&nbsp;<\/strong>Unterst\u00fctzen Sie den F\u00f6rderverein der Schillerschule Bittenfeld und helfen Sie uns, Projekte und Aktivit\u00e4ten f\u00fcr unsere Kinder zu f\u00f6rdern:<\/p>\n\n\n\n<p>&#8211; Mit Ihrem Beitritt in den Verein und dem j\u00e4hrlichen Beitrag von nur 13 \u20ac.<br>&#8211; Mit kreativen Ideen und Vorschl\u00e4gen.<br>&#8211; Mit aktiver Hilfe bei Veranstaltungen,&nbsp;z. B. durch Bewirtung oder Kuchenspenden.<\/p>\n\n\n\n<p><strong>Mitglied werden<\/strong> Die ausgef\u00fcllte Beitrittserkl\u00e4rung k\u00f6nnen Sie uns ganz einfach per E-Mail zusenden oder \u00fcber die Schule an uns weiterleiten lassen.&nbsp;<\/p>\n\n\n\n<div data-wp-interactive=\"core\/file\" class=\"wp-block-file\"><object data-wp-bind--hidden=\"!state.hasPdfPreview\" hidden class=\"wp-block-file__embed\" data=\"https:\/\/schillerschule-bittenfeld.de\/wordpress\/wp-content\/uploads\/2025\/02\/Flyer_DINlang_250123_digital.pdf\" type=\"application\/pdf\" style=\"width:100%;height:600px\" aria-label=\"Einbettung von Flyer_DINlang_250123_digital.\"><\/object><a id=\"wp-block-file--media-08528578-eb89-425e-9684-21c456675ab7\" href=\"https:\/\/schillerschule-bittenfeld.de\/wordpress\/wp-content\/uploads\/2025\/02\/Flyer_DINlang_250123_digital.pdf\">Flyer_DINlang_250123_digital<\/a><a href=\"https:\/\/schillerschule-bittenfeld.de\/wordpress\/wp-content\/uploads\/2025\/02\/Flyer_DINlang_250123_digital.pdf\" class=\"wp-block-file__button wp-element-button\" download aria-describedby=\"wp-block-file--media-08528578-eb89-425e-9684-21c456675ab7\">Herunterladen<\/a><\/div>\n\n\n\n<p>Gut zu wissen: Die Mitgliedschaft ist flexibel und kann zum 31.12. des Jahres gek\u00fcndigt werden.<\/p>\n\n\n\n<p><strong>Mitgliedsbeitrag <\/strong>13,00 \u20ac \/ Jahr<br><br><strong>Spenden <\/strong>Der F\u00f6rderverein ist als gemeinn\u00fctziger Verein anerkannt. Somit sind sowohl Spenden als auch Mitgliedsbeitr\u00e4ge steuerlich abziehbar. Ab \u20ac 100,00 erhalten Sie von uns eine Spendenbest\u00e4tigung. Bei niedrigeren Spendenbetr\u00e4gen gen\u00fcgt als Nachweis f\u00fcr das Finanzamt die \u00dcberweisungsdurchschrift bzw. der Buchungsnachweis auf ihrem Kontoauszug.<\/p>\n\n\n\n<p><strong>Bankverbindung<\/strong><\/p>\n\n\n\n<p>Kreissparkasse\nWaiblingen<br>\nIBAN:&nbsp; DE20 6025 0010 0000 4757 76<br>\nBIC:&nbsp;&nbsp;&nbsp; SOLADES1WBN<\/p>\n\n\n\n<p><strong>Unterst\u00fctzen Sie uns mit Ihrem Vereinsbeitrag aktiv, so dass weitere Projekte f\u00fcr<\/strong> <strong>die Sch\u00fclerinnen und Sch\u00fcler der Schillerschule verwirklicht werden k\u00f6nnen.<\/strong><\/p>\n","protected":false},"excerpt":{"rendered":"<p>Gemeinsam k\u00f6nnen wir viel bewegen&nbsp;Unterst\u00fctzen Sie den F\u00f6rderverein der Schillerschule Bittenfeld und helfen Sie uns, Projekte und Aktivit\u00e4ten f\u00fcr unsere Kinder zu f\u00f6rdern: &#8211; Mit Ihrem Beitritt in den Verein und dem j\u00e4hrlichen Beitrag von nur 13 \u20ac.&#8211; Mit kreativen [&hellip;]<\/p>\n","protected":false},"author":1,"featured_media":0,"parent":0,"menu_order":0,"comment_status":"closed","ping_status":"closed","template":"","meta":{"footnotes":""},"class_list":["post-110","page","type-page","status-publish","hentry"],"_links":{"self":[{"href":"https:\/\/schillerschule-bittenfeld.de\/wordpress\/wp-json\/wp\/v2\/pages\/110","targetHints":{"allow":["GET"]}}],"collection":[{"href":"https:\/\/schillerschule-bittenfeld.de\/wordpress\/wp-json\/wp\/v2\/pages"}],"about":[{"href":"https:\/\/schillerschule-bittenfeld.de\/wordpress\/wp-json\/wp\/v2\/types\/page"}],"author":[{"embeddable":true,"href":"https:\/\/schillerschule-bittenfeld.de\/wordpress\/wp-json\/wp\/v2\/users\/1"}],"replies":[{"embeddable":true,"href":"https:\/\/schillerschule-bittenfeld.de\/wordpress\/wp-json\/wp\/v2\/comments?post=110"}],"version-history":[{"count":6,"href":"https:\/\/schillerschule-bittenfeld.de\/wordpress\/wp-json\/wp\/v2\/pages\/110\/revisions"}],"predecessor-version":[{"id":405,"href":"https:\/\/schillerschule-bittenfeld.de\/wordpress\/wp-json\/wp\/v2\/pages\/110\/revisions\/405"}],"wp:attachment":[{"href":"https:\/\/schillerschule-bittenfeld.de\/wordpress\/wp-json\/wp\/v2\/media?parent=110"}],"curies":[{"name":"wp","href":"https:\/\/api.w.org\/{rel}","templated":true}]}}